{"id":3296,"date":"2022-03-28T22:01:26","date_gmt":"2022-03-28T20:01:26","guid":{"rendered":"http:\/\/ifsa.pl\/?page_id=3296"},"modified":"2022-03-28T22:19:26","modified_gmt":"2022-03-28T20:19:26","slug":"selected-financial-data","status":"publish","type":"page","link":"https:\/\/ifsa.pl\/?page_id=3296","title":{"rendered":"Wybrane dane finansowe"},"content":{"rendered":"<div class=\"fusion-fullwidth fullwidth-box fusion-builder-row-1 fusion-flex-container nonhundred-percent-fullwidth non-hundred-percent-height-scrolling\" style=\"background-color: rgba(255,255,255,0);background-position: center center;background-repeat: no-repeat;border-width: 0px 0px 0px 0px;border-color:hsla(var(--awb-color8-h),var(--awb-color8-s),var(--awb-color8-l),calc( var(--awb-color8-a) - 92% ));border-style:solid;\" ><div class=\"fusion-builder-row fusion-row fusion-flex-align-items-flex-start\" style=\"max-width:1372.8px;margin-left: calc(-4% \/ 2 );margin-right: calc(-4% \/ 2 );\"><div class=\"fusion-layout-column fusion_builder_column fusion-builder-column-0 fusion_builder_column_1_1 1_1 fusion-flex-column\"><div class=\"fusion-column-wrapper fusion-flex-justify-content-flex-start fusion-content-layout-column\" style=\"background-position:left top;background-repeat:no-repeat;-webkit-background-size:cover;-moz-background-size:cover;-o-background-size:cover;background-size:cover;padding: 0px 0px 0px 0px;\"><table class=\"tabela_dane_fin\">\n<tbody>\n<tr>\n<td>Wybrane dane finansowe<\/td>\n<td>Rok<br>\n01.07.2020r.<br>\n30.06.2021r.<br>\nw tys. EUR<\/td>\n<td>Rok<br>\n01.01.2020r.<br>\n30.06.2020r.<br>\nw tys. EUR<\/td>\n<\/tr>\n<tr>\n<td>Przychody z odsetek<\/td>\n<td>89<\/td>\n<td>207<\/td>\n<\/tr>\n<tr>\n<td>Zysk (strata) z dzia\u0142alno\u015bci operacyjnej<\/td>\n<td>71<\/td>\n<td>225<\/td>\n<\/tr>\n<tr>\n<td>Zysk (strata)<\/td>\n<td>66<\/td>\n<td>190<\/td>\n<\/tr>\n<tr>\n<td>Zysk (strata) netto<\/td>\n<td>66<\/td>\n<td>190<\/td>\n<\/tr>\n<tr>\n<td>Przep\u0142ywy \u015brodk\u00f3w pieni\u0119\u017cnych netto<br>\nz dzia\u0142alno\u015bci operacyjnej<\/td>\n<td>30<\/td>\n<td>-58<\/td>\n<\/tr>\n<tr>\n<td>Przep\u0142ywy \u015brodk\u00f3w pieni\u0119\u017cnych netto<br>\nz dzia\u0142alno\u015bci inwestycyjnej<\/td>\n<td>0<\/td>\n<td>58<\/td>\n<\/tr>\n<tr>\n<td>Zmiana stanu \u015brodk\u00f3w pieni\u0119\u017cnych i ich<br>\nekwiwalent\u00f3w<\/td>\n<td>30<\/td>\n<td>0<\/td>\n<\/tr>\n<tr>\n<td>Aktywa razem<\/td>\n<td>2 629<\/td>\n<td>2 573<\/td>\n<\/tr>\n<tr>\n<td>Zobowi\u0105zania kr\u00f3tkoterminowe<\/td>\n<td>49<\/td>\n<td>49<\/td>\n<\/tr>\n<tr>\n<td>Kapita\u0142 w\u0142asny<\/td>\n<td>2 580<\/td>\n<td>2 524<\/td>\n<\/tr>\n<tr>\n<td>Kapita\u0142 zak\u0142adowy<\/td>\n<td>900<\/td>\n<td>3 240<\/td>\n<\/tr>\n<tr>\n<td>\u015arednia wa\u017cona rozwodniona liczba akcji (w<br>\nszt.)<\/td>\n<td>9 000 000<\/td>\n<td>9 000 000<\/td>\n<\/tr>\n<tr>\n<td>Zysk (strata) z dzia\u0142alno\u015bci kontynuowanej<br>\nprzypadaj\u0105cy na jedn\u0105 akcj\u0119 ( EURO)<\/td>\n<td>0,00<\/td>\n<td>0,03<\/td>\n<\/tr>\n<tr>\n<td>Zysk (strata) przypadaj\u0105cy na jedn\u0105 akcj\u0119<br>\n(EURO)<\/td>\n<td>0,00<\/td>\n<td>0,03<\/td>\n<\/tr>\n<tr>\n<td>Warto\u015b\u0107 ksi\u0119gowa na jedn\u0105 akcj\u0119 (EURO)<\/td>\n<td>0,29<\/td>\n<td>0,28<\/td>\n<\/tr>\n<\/tbody>\n<\/table><\/div><style type=\"text\/css\">.fusion-body .fusion-builder-column-0{width:100% !important;margin-top : 0px;margin-bottom : 20px;}.fusion-builder-column-0 > .fusion-column-wrapper {padding-top : 0px !important;padding-right : 0px !important;margin-right : 1.92%;padding-bottom : 0px !important;padding-left : 0px !important;margin-left : 1.92%;}@media only screen and (max-width:1024px) {.fusion-body .fusion-builder-column-0{width:100% !important;order : 0;}.fusion-builder-column-0 > .fusion-column-wrapper {margin-right : 1.92%;margin-left : 1.92%;}}@media only screen and (max-width:640px) {.fusion-body .fusion-builder-column-0{width:100% !important;order : 0;}.fusion-builder-column-0 > .fusion-column-wrapper {margin-right : 1.92%;margin-left : 1.92%;}}<\/style><\/div><\/div><style type=\"text\/css\">.fusion-body .fusion-flex-container.fusion-builder-row-1{ padding-top : 0px;margin-top : 0px;padding-right : 0px;padding-bottom : 0px;margin-bottom : 0px;padding-left : 0px;}<\/style><\/div>\n","protected":false},"excerpt":{"rendered":"","protected":false},"author":1,"featured_media":0,"parent":3123,"menu_order":21,"comment_status":"closed","ping_status":"closed","template":"","meta":{"footnotes":""},"class_list":["post-3296","page","type-page","status-publish","hentry"],"_links":{"self":[{"href":"https:\/\/ifsa.pl\/index.php?rest_route=\/wp\/v2\/pages\/3296","targetHints":{"allow":["GET"]}}],"collection":[{"href":"https:\/\/ifsa.pl\/index.php?rest_route=\/wp\/v2\/pages"}],"about":[{"href":"https:\/\/ifsa.pl\/index.php?rest_route=\/wp\/v2\/types\/page"}],"author":[{"embeddable":true,"href":"https:\/\/ifsa.pl\/index.php?rest_route=\/wp\/v2\/users\/1"}],"replies":[{"embeddable":true,"href":"https:\/\/ifsa.pl\/index.php?rest_route=%2Fwp%2Fv2%2Fcomments&post=3296"}],"version-history":[{"count":2,"href":"https:\/\/ifsa.pl\/index.php?rest_route=\/wp\/v2\/pages\/3296\/revisions"}],"predecessor-version":[{"id":3298,"href":"https:\/\/ifsa.pl\/index.php?rest_route=\/wp\/v2\/pages\/3296\/revisions\/3298"}],"up":[{"embeddable":true,"href":"https:\/\/ifsa.pl\/index.php?rest_route=\/wp\/v2\/pages\/3123"}],"wp:attachment":[{"href":"https:\/\/ifsa.pl\/index.php?rest_route=%2Fwp%2Fv2%2Fmedia&parent=3296"}],"curies":[{"name":"wp","href":"https:\/\/api.w.org\/{rel}","templated":true}]}}